{"id":802,"date":"2021-08-26T19:14:49","date_gmt":"2021-08-26T19:14:49","guid":{"rendered":"http:\/\/www.rentingcar2000.com\/?page_id=802"},"modified":"2021-09-26T17:30:37","modified_gmt":"2021-09-26T17:30:37","slug":"politica-de-privacidad","status":"publish","type":"page","link":"https:\/\/www.rentingcar2000.com\/?page_id=802","title":{"rendered":"Pol\u00edtica de Privacidad"},"content":{"rendered":"<h4>PRIVACIDAD \u2013 INFORMACI\u00d3N AMPLIADA<\/h4>\n<p>La Pol\u00edtica de Privacidad forma parte de las Condiciones Generales que rigen la presente Web.<\/p>\n<h4>\u00bfQui\u00e9n es el responsable del tratamiento de sus datos?<\/h4>\n<p>RENTING CAR 2000, S.L.<\/p>\n<p>CIF: B35935519<\/p>\n<p>Domicilio: Avda. Las Palmeras, 17, Giniginamar, 35628, Fuerteventura<\/p>\n<p>Tfno: 649 209 233<\/p>\n<p>Mail: reservas@rentingcar2000.com<\/p>\n<p>Puede dirigirse de cualquier forma para comunicarse con nosotros.<\/p>\n<p>Nos reservamos el derecho a modificar o adaptar la presente Pol\u00edtica de Privacidad en cualquier momento. Le recomendamos revisar la misma, y si se ha registrado y accede a su cuenta o perfil, se le informar\u00e1 de las modificaciones.<\/p>\n<p>Si pertenece a alguno de los siguientes colectivos, consulte la informaci\u00f3n desplegable:<\/p>\n<h4>+ CONTACTOS DE LA WEB O DEL CORREO ELECTR\u00d3NICO<\/h4>\n<p><strong>\u00bfQu\u00e9 datos recopilamos a trav\u00e9s de la Web?<\/strong><\/p>\n<p>Podemos tratar su IP, qu\u00e9 sistema operativo o navegador usa, e incluso la duraci\u00f3n de su visita, de forma an\u00f3nima.<\/p>\n<p>Si nos facilita datos en el formulario de contacto, se identificar\u00e1 para poder contactar con usted en caso de que sea necesario.<\/p>\n<p><strong>\u00bfCon que finalidades vamos a tratar sus datos personales?<\/strong><\/p>\n<ul>\n<li>Contestar a sus consultas, solicitudes o peticiones.<\/li>\n<li>Gestionar el servicio solicitado, contestar su solicitud, o tramitar su petici\u00f3n.<\/li>\n<li>Informaci\u00f3n por medios electr\u00f3nicos, que versen sobre su solicitud.<\/li>\n<li>Informaci\u00f3n comercial o de eventos por medios electr\u00f3nicos, siempre que exista autorizaci\u00f3n expresa.<\/li>\n<li>Realizar an\u00e1lisis y mejoras en la Web, sobre nuestros productos y servicios.\u00a0 Mejorar nuestra estrategia comercial.<\/li>\n<\/ul>\n<p><strong>\u00bfCu\u00e1l es la legitimaci\u00f3n para el tratamiento de sus datos?<\/strong><\/p>\n<p>La aceptaci\u00f3n y consentimiento del interesado: En aquellos casos donde para realizar una solicitud sea necesario cumplimentar un formulario y hacer un \u00abclick\u00bb en el bot\u00f3n de enviar, la realizaci\u00f3n del mismo implicar\u00e1 necesariamente que ha sido informado y ha otorgado expresamente su consentimiento al contenido de la cl\u00e1usula anexada a dicho formulario o aceptaci\u00f3n de la pol\u00edtica de privacidad.<\/p>\n<p>Todos nuestros formularios cuentan con el s\u00edmbolo * en los datos obligatorios. Si no facilita esos campos, o no marca el checkbox de aceptaci\u00f3n de la pol\u00edtica de privacidad, no se permitir\u00e1 el env\u00edo de la informaci\u00f3n. Normalmente tiene la siguiente f\u00f3rmula: \u201cHe le\u00eddo y acepto la Pol\u00edtica de privacidad.\u201d<\/p>\n<h4>+ CONTACTOS DEL NEWSLETTER<\/h4>\n<p><strong>\u00bfQu\u00e9 datos recopilamos a trav\u00e9s del newsletter?<\/strong><\/p>\n<p>En la web, se permite suscribirse al Newsletter, si nos facilita una direcci\u00f3n de correo electr\u00f3nico, a la que se remitir\u00e1 la misma.<\/p>\n<p>Almacenaremos \u00fanicamente su email en nuestra base de datos, y procederemos a enviarle correos peri\u00f3dicamente, hasta que solicite la baja, o dejemos de enviar correos.<\/p>\n<p>Siempre tendr\u00e1 la opci\u00f3n de darse de baja, en cualquier comunicaci\u00f3n.<\/p>\n<p><strong>\u00bfCon que finalidades vamos a tratar sus datos personales?<\/strong><\/p>\n<ul>\n<li>Gestionar el servicio solicitado.<\/li>\n<li>Informaci\u00f3n por medios electr\u00f3nicos, que versen sobre su solicitud.<\/li>\n<li>Informaci\u00f3n comercial o de eventos por medios electr\u00f3nicos, siempre que exista autorizaci\u00f3n expresa.<\/li>\n<li>Realizar an\u00e1lisis y mejoras en el env\u00edo de mailing, para mejorar nuestra estrategia comercial.<\/li>\n<\/ul>\n<p><strong>\u00bfCu\u00e1l es la legitimaci\u00f3n para el tratamiento de sus datos?<\/strong><\/p>\n<p>La aceptaci\u00f3n y consentimiento del interesado: En aquellos casos donde se suscriba ser\u00e1 necesario aceptar un checkbox y clicar en el bot\u00f3n de enviar. Ello implicar\u00e1 necesariamente que ha sido informado y ha otorgado expresamente su consentimiento a la recepci\u00f3n del newsletter.<\/p>\n<p>Si no marca el checkbox de aceptaci\u00f3n de la pol\u00edtica de privacidad, no se permitir\u00e1 el env\u00edo de la informaci\u00f3n. Normalmente tiene la siguiente f\u00f3rmula: \u201cHe le\u00eddo y acepto la Pol\u00edtica de privacidad.\u201d<\/p>\n<h4>+ CLIENTES<\/h4>\n<p><strong>\u00bfCon que finalidades vamos a tratar sus datos personales?<\/strong><\/p>\n<ul>\n<li>Elaboraci\u00f3n del presupuesto y seguimiento del mismo mediante comunicaciones entre ambas partes.<\/li>\n<li>Informaci\u00f3n por medios electr\u00f3nicos, que versen sobre su solicitud.<\/li>\n<li>Informaci\u00f3n comercial o de eventos por medios electr\u00f3nicos, siempre que exista autorizaci\u00f3n expresa.<\/li>\n<li>Gestionar los servicios administrativos, de comunicaciones y de log\u00edstica realizados por el Responsable.<\/li>\n<li>Facturaci\u00f3n y declaraci\u00f3n de los impuestos oportunos.<\/li>\n<\/ul>\n<ul>\n<li>Realizar las transacciones que correspondan.<\/li>\n<li>Gestiones de control y recobro.<\/li>\n<\/ul>\n<h4>+ ENCUESTAS DE CALIDAD<\/h4>\n<p><strong>\u00bfCon que finalidades vamos a tratar sus datos personales?<\/strong><\/p>\n<ul>\n<li><strong>Valorar el grado de calidad en el servicio dispensado<\/strong><\/li>\n<li><strong>Mejorar los servicios ofrecidos, en virtud del cumplimiento de la ISO<\/strong><\/li>\n<\/ul>\n<p><strong>\u00bfCu\u00e1l es la legitimaci\u00f3n para el tratamiento de sus datos?<\/strong><\/p>\n<p>La base legal es el consentimiento expreso del encuestado.<\/p>\n<h4>+ PROVEDORES<\/h4>\n<p><strong>\u00bfCon que finalidades vamos a tratar sus datos personales?<\/strong><\/p>\n<ul>\n<li>Informaci\u00f3n por medios electr\u00f3nicos, que versen sobre su solicitud.<\/li>\n<\/ul>\n<ul>\n<li>Informaci\u00f3n comercial o de eventos por medios electr\u00f3nicos, siempre que exista autorizaci\u00f3n expresa.<\/li>\n<li>Gestionar los servicios administrativos, de comunicaciones y de log\u00edstica realizados por el Responsable.<\/li>\n<li>Facturaci\u00f3n.<\/li>\n<\/ul>\n<ul>\n<li>Realizar las transacciones que correspondan.<\/li>\n<li>Facturaci\u00f3n y declaraci\u00f3n de los impuestos oportunos.<\/li>\n<li>Gestiones de control y recobro.<\/li>\n<\/ul>\n<p><strong>\u00bfCu\u00e1l es la legitimaci\u00f3n para el tratamiento de sus datos?<\/strong><\/p>\n<p>La base legal es la aceptaci\u00f3n de una relaci\u00f3n contractual, o en su defecto su consentimiento al contactar con nosotros u ofrecernos sus productos por alguna v\u00eda.<\/p>\n<h4>+ DEMANDANTES DE EMPLEO<\/h4>\n<p><strong>\u00bfCon que finalidades vamos a tratar sus datos personales?<\/strong><\/p>\n<ul>\n<li><strong>Organizaci\u00f3n de procesos de selecci\u00f3n para la contrataci\u00f3n de empleados.<\/strong><\/li>\n<\/ul>\n<ul>\n<li>Citarle para entrevistas de trabajo y evaluar su candidatura.<\/li>\n<li><strong>Si nos has dado su consentimiento, se lo podremos ceder a empresas colaboradoras o afines, con el \u00fanico objetivo de ayudarle a encontrar empleo.<\/strong><\/li>\n<\/ul>\n<p><strong>\u00bfDurante cu\u00e1nto tiempo vamos a mantener los datos personales?<\/strong><\/p>\n<p>Asimismo, le comunicamos que transcurrido un a\u00f1o desde la recepci\u00f3n de su curr\u00edculum vitae, procederemos a su destrucci\u00f3n segura.<\/p>\n<p><strong>\u00bfCu\u00e1l es la legitimaci\u00f3n para el tratamiento de sus datos?<\/strong><\/p>\n<p>La base legal es su consentimiento inequ\u00edvoco, al enviarnos su CV.<\/p>\n<p><strong>\u00bfIncluimos datos personales de terceras personas?<\/strong><\/p>\n<p>No, como norma general s\u00f3lo tratamos los datos que nos facilitan los titulares. Si nos aporta datos de terceros deber\u00e1, con car\u00e1cter previo, informar y solicitar su consentimiento a dichas personas, o de lo contrario nos exime de cualquier responsabilidad por el incumplimiento de este requisito.<\/p>\n<p><strong>\u00bfY datos de menores?<\/strong><\/p>\n<p>No tratamos datos de menores de 14 a\u00f1os sin consentimiento del padre, madre o tutor legal. Por tanto, abst\u00e9ngase de facilitarlos si no tiene esa edad o, en su caso, de facilitar datos de terceros que no tengan la citada edad. RENTING CAR 2000, S.L. se exime de cualquier responsabilidad por el incumplimiento de esta previsi\u00f3n.<\/p>\n<p><strong>\u00bfRealizaremos comunicaciones por medios electr\u00f3nicos?<\/strong><\/p>\n<p>Solo se realizar\u00e1n para gestionar su solicitud, si es uno de los medios de contacto que nos ha facilitado.<\/p>\n<p>Si realizamos comunicaciones comerciales habr\u00e1n sido previa y expresamente autorizadas por usted.<\/p>\n<p><strong>\u00bfQu\u00e9 medidas de seguridad aplicamos?<\/strong><\/p>\n<p>Puede estar tranquilo: Hemos adoptado un nivel \u00f3ptimo de protecci\u00f3n de los Datos Personales que manejamos, y hemos instalado todos los medios y medidas t\u00e9cnicas a nuestra disposici\u00f3n seg\u00fan el estado de la tecnolog\u00eda para evitar la p\u00e9rdida, mal uso, alteraci\u00f3n, acceso no autorizado y robo de los Datos Personales.<\/p>\n<p><strong>\u00bfA qu\u00e9 destinatarios se comunicar\u00e1n sus datos?<\/strong><\/p>\n<p>Sus datos no se ceder\u00e1n a terceros, salvo obligaci\u00f3n legal. En concreto se comunicar\u00e1n a la Agencia Estatal de la Administraci\u00f3n Tributaria y a bancos y entidades financieras para el cobro del servicio prestado o producto adquirido, como a los encargados del tratamiento necesarios para la ejecuci\u00f3n del acuerdo.<\/p>\n<p>En caso de compra o pago, si elige alguna aplicaci\u00f3n, web, plataforma, tarjeta bancaria, o alg\u00fan otro servicio online, sus datos se ceder\u00e1n a esa plataforma o se tratar\u00e1n en su entorno, siempre con la m\u00e1xima seguridad.<\/p>\n<p>Cuando se lo ordenemos, tendr\u00e1n acceso a nuestra web la empresa de desarrollo y mantenimiento web, o la de hosting. Las mismas tendr\u00e1n firmado un contrato de prestaci\u00f3n de servicios que les obliga a mantener el mismo nivel de privacidad que nosotros.<\/p>\n<p>Cualquier transferencia internacional de datos al usar aplicaciones americanas, estar\u00e1 adherida al convenio Privacy Shield, que garantiza que las empresas de software americano cumplen las pol\u00edticas de protecci\u00f3n de datos europeas en materia de privacidad.<\/p>\n<p><strong>\u00bfQu\u00e9 Derechos tiene?<\/strong><\/p>\n<ul>\n<li>A saber, si estamos tratando sus datos o no.<\/li>\n<li>A acceder a sus datos personales.<\/li>\n<li>A solicitar la rectificaci\u00f3n de sus datos si son inexactos.<\/li>\n<li>A solicitar la supresi\u00f3n de sus datos si ya no son necesarios para los fines para los que fueron recogidos o si nos retira el consentimiento otorgado.<\/li>\n<li>A solicitar la limitaci\u00f3n del tratamiento de sus datos, en algunos supuestos, en cuyo caso solo los conservaremos de acuerdo con la normativa vigente.<\/li>\n<li>A portar sus datos, que le ser\u00e1n facilitados en un formato estructurado, de uso com\u00fan o lectura mec\u00e1nica. Si lo prefiere, se los podemos enviar al nuevo responsable que nos designe. S\u00f3lo es v\u00e1lido en determinados supuestos.<\/li>\n<li>A presentar una reclamaci\u00f3n ante la Agencia Espa\u00f1ola de Protecci\u00f3n de Datos o autoridad de control competente, si cree que no le hemos atendido correctamente.<\/li>\n<li>A revocar el consentimiento para cualquier tratamiento para el que haya consentido, en cualquier momento.<\/li>\n<\/ul>\n<p>Si modifica alg\u00fan dato, le agradecemos que nos lo comunique para mantenerlos actualizados.<\/p>\n<p><strong>\u00bfQuiere un formulario para el ejercicio de Derechos?\u00a0\u00a0\u00a0\u00a0\u00a0 <\/strong><\/p>\n<p>Tenemos formularios para el ejercicio de sus derechos, p\u00eddanoslos por email, o si lo prefiere, puede usar los elaborados por la Agencia Espa\u00f1ola de Protecci\u00f3n de Datos o terceros.<\/p>\n<p>Estos formularios deben ir firmados electr\u00f3nicamente o ser acompa\u00f1ados de fotocopia del DNI. Si le representa alguien, debe adjuntarnos copia de su DNI, o tambi\u00e9n firmado con su firma electr\u00f3nica.<\/p>\n<p>Los formularios pueden ser presentados presencialmente, enviados por carta o por mail en la direcci\u00f3n del Responsable al inicio de este texto.<\/p>\n<p><strong>\u00bfCu\u00e1nto tardamos en contestarle al Ejercicio de Derechos?<\/strong><\/p>\n<p>Depende del derecho, pero como m\u00e1ximo en un mes desde su solicitud, y dos meses si el tema es muy complejo. Le notificaremos si necesitamos m\u00e1s tiempo.<\/p>\n<p><strong>\u00bfTratamos cookies?<\/strong><\/p>\n<p>Si usamos otro tipo de cookies que no sean las necesarias, podr\u00e1 consultar la pol\u00edtica de cookies en el enlace correspondiente desde el inicio de nuestra web.<\/p>\n<p><strong>\u00a0<\/strong><strong>\u00bfDurante cu\u00e1nto tiempo vamos a mantener sus datos personales?<\/strong><\/p>\n<p>Los datos personales ser\u00e1n mantenidos mientras siga vinculado con nosotros. Una vez se desvincule, los datos personales tratados en cada finalidad se mantendr\u00e1n durante los plazos legalmente previstos, incluido el plazo en el que un juez o tribunal los pueda requerir atendiendo al plazo de prescripci\u00f3n de acciones judiciales.<\/p>\n<p>Los datos tratados se mantendr\u00e1n en tanto no expiren los plazos legales aludidos anteriormente, si hubiera obligaci\u00f3n legal de mantenimiento, o de no existir ese plazo legal, hasta que el interesado solicite su supresi\u00f3n o revoque el consentimiento otorgado.<\/p>\n<p>Mantendremos toda la informaci\u00f3n y comunicaciones relativas a su compra o a la prestaci\u00f3n de nuestro servicio, mientras duren las garant\u00edas de los productos o servicios, para atender posibles reclamaciones.<\/p>\n","protected":false},"excerpt":{"rendered":"<p>PRIVACIDAD \u2013 INFORMACI\u00d3N AMPLIADA La Pol\u00edtica de Privacidad forma parte de las Condiciones Generales que rigen la presente Web. \u00bfQui\u00e9n es el responsable del tratamiento&hellip;<\/p>\n<p><a href=\"https:\/\/www.rentingcar2000.com\/?page_id=802\" class=\"read-more-link\">Read more<\/a><\/p>\n","protected":false},"author":1,"featured_media":0,"parent":0,"menu_order":0,"comment_status":"closed","ping_status":"closed","template":"","meta":{"footnotes":""},"class_list":["post-802","page","type-page","status-publish","hentry"],"_links":{"self":[{"href":"https:\/\/www.rentingcar2000.com\/index.php?rest_route=\/wp\/v2\/pages\/802","targetHints":{"allow":["GET"]}}],"collection":[{"href":"https:\/\/www.rentingcar2000.com\/index.php?rest_route=\/wp\/v2\/pages"}],"about":[{"href":"https:\/\/www.rentingcar2000.com\/index.php?rest_route=\/wp\/v2\/types\/page"}],"author":[{"embeddable":true,"href":"https:\/\/www.rentingcar2000.com\/index.php?rest_route=\/wp\/v2\/users\/1"}],"replies":[{"embeddable":true,"href":"https:\/\/www.rentingcar2000.com\/index.php?rest_route=%2Fwp%2Fv2%2Fcomments&post=802"}],"version-history":[{"count":6,"href":"https:\/\/www.rentingcar2000.com\/index.php?rest_route=\/wp\/v2\/pages\/802\/revisions"}],"predecessor-version":[{"id":814,"href":"https:\/\/www.rentingcar2000.com\/index.php?rest_route=\/wp\/v2\/pages\/802\/revisions\/814"}],"wp:attachment":[{"href":"https:\/\/www.rentingcar2000.com\/index.php?rest_route=%2Fwp%2Fv2%2Fmedia&parent=802"}],"curies":[{"name":"wp","href":"https:\/\/api.w.org\/{rel}","templated":true}]}}