{"id":764,"date":"2021-08-23T19:33:22","date_gmt":"2021-08-23T19:33:22","guid":{"rendered":"http:\/\/www.rentingcar2000.com\/?page_id=764"},"modified":"2021-08-26T19:06:58","modified_gmt":"2021-08-26T19:06:58","slug":"avisos-legales","status":"publish","type":"page","link":"https:\/\/www.rentingcar2000.com\/?page_id=764","title":{"rendered":"Avisos Legales"},"content":{"rendered":"<h4><strong><u>AVISO LEGAL<\/u><\/strong><\/h4>\n<p>Las presentes Condiciones tienen por objeto establecer y regular las normas de uso de la p\u00e1gina web www.rentingcar2000.com (en adelante, la \u201cWeb\u201d).<\/p>\n<p>El acceso y la navegaci\u00f3n en el sitio web, o el uso de los servicios del mismo, implican la aceptaci\u00f3n expresa e \u00edntegra de todas y cada una de las presentes Condiciones Generales de uso recogidas en este Aviso Legal, incluidas las Condiciones Generales y Particulares de Contrataci\u00f3n, as\u00ed como la Pol\u00edtica de Privacidad y Cookies, relativa a las finalidades de los tratamientos de los datos que nos facilites. Por favor, te recomendamos que las leas atentamente.<\/p>\n<h4><strong><u>1.- TITULAR<\/u><\/strong><\/h4>\n<p>En cumplimiento de la Ley 34\/2002, de 11 de julio, de Servicios de la Sociedad de la Informaci\u00f3n y del Comercio Electr\u00f3nico, los datos identificativos del titular del Portal Web en el que est\u00e1s navegando son:<\/p>\n<p>RENTING CAR 2000, S.L.<\/p>\n<p>CIF: B35935519<\/p>\n<p>Avda. Las Palmeras, 17, Giniginamar, 35628, Fuerteventura<\/p>\n<h4><u><strong>2.-<\/strong> <\/u><strong><u>PROPIEDAD INTELECTUAL<\/u><\/strong><\/h4>\n<p>RENTING CAR 2000, S.L. es titular, y tiene la correspondiente licencia, sobre los derechos de explotaci\u00f3n de propiedad intelectual e industrial de la Web.<\/p>\n<p>Todos los contenidos de la Web, incluyendo el dise\u00f1o gr\u00e1fico, c\u00f3digo fuente, logos, textos, gr\u00e1ficos, ilustraciones, fotograf\u00edas, y dem\u00e1s elementos que aparecen en la Web, salvo que se indique lo contrario, son titularidad exclusiva de RENTING CAR 2000, S.L.<\/p>\n<p>En ning\u00fan caso se entender\u00e1 que el acceso y navegaci\u00f3n del Usuario implica una renuncia, transmisi\u00f3n, licencia o cesi\u00f3n total ni parcial de dichos derechos por parte de RENTING CAR 2000, S.L., sobre cualquier otro derecho relacionado con su Web y los servicios ofrecidos en la misma.<\/p>\n<p>Asimismo, est\u00e1 prohibido modificar, copiar, reutilizar, explotar, reproducir, comunicar p\u00fablicamente, hacer segundas o posteriores publicaciones, cargar archivos, enviar por correo, transmitir, usar, tratar o distribuir de cualquier forma la totalidad o parte de los contenidos incluidos en la Web para prop\u00f3sitos p\u00fablicos o comerciales, si no se cuenta con la autorizaci\u00f3n expresa y por escrito de RENTING CAR 2000, S.L. o, en su caso, del titular de los derechos a que corresponda.<\/p>\n<p>El Usuario reconoce, en consecuencia, que la reproducci\u00f3n, distribuci\u00f3n, comercializaci\u00f3n, transformaci\u00f3n, y en general, cualquier otra forma de explotaci\u00f3n, por cualquier procedimiento, de todo o parte de los contenidos de esta Web constituye una infracci\u00f3n de los derechos de propiedad intelectual y\/o industrial del titular de la Web o del titular de los mismos.<\/p>\n<h4><strong><u>3.- UTILIZACI\u00d3N DE LA P\u00c1GINA<\/u><\/strong><\/h4>\n<p>El Usuario se compromete a utilizar la Web, los contenidos y servicios de conformidad con la legalidad vigente y el presente Aviso Legal.<\/p>\n<p>Del mismo modo, el Usuario se obliga a no utilizar la Web o los servicios que se presten a trav\u00e9s de ella con fines o efectos il\u00edcitos o contrarios al contenido del presente Aviso Legal, lesivos de los intereses o derechos de terceros, o que de cualquier forma puedan da\u00f1ar, inutilizar o deteriorar la Web o sus servicios, o impedir un normal disfrute de la Web por otros Usuarios.<\/p>\n<p>Asimismo, el Usuario se compromete expresamente a no destruir, alterar, inutilizar o, de cualquier otra forma, da\u00f1ar los datos, programas o documentos electr\u00f3nicos y dem\u00e1s que se encuentren en la presente Web.<\/p>\n<p>El Usuario se compromete a no obstaculizar el acceso de otros Usuarios al servicio de acceso mediante el consumo masivo de los recursos inform\u00e1ticos a trav\u00e9s de los cuales el titular de la Web presta el servicio, as\u00ed como a no realizar acciones que da\u00f1en, interrumpan o generen errores en dichos sistemas.<\/p>\n<p>El Usuario se compromete a no introducir programas, virus, macros, applets, controles ActiveX o cualquier otro dispositivo l\u00f3gico o secuencia de caracteres que causen o sean susceptibles de causar cualquier tipo de alteraci\u00f3n en los sistemas inform\u00e1ticos del titular de la Web o de terceros.<\/p>\n<p>El Usuario es responsable de la adecuada custodia y confidencialidad de cualesquiera identificadores y\/o contrase\u00f1as que le sean suministradas por la Web, y se compromete a no ceder su uso a terceros, ya sea temporal o permanente, ni a permitir su acceso a personas ajenas.<\/p>\n<p>Ser\u00e1 responsabilidad del Usuario la utilizaci\u00f3n il\u00edcita de los servicios por cualquier tercero ileg\u00edtimo que emplee a tal efecto una contrase\u00f1a a causa de una utilizaci\u00f3n no diligente o de la p\u00e9rdida de la misma por el Usuario.<\/p>\n<p>En virtud de lo anterior, es obligaci\u00f3n del Usuario notificar de forma inmediata a los gestores de la Web, cualquier hecho que permita el uso indebido de los identificadores y\/o contrase\u00f1as, tales como el robo, extrav\u00edo, o el acceso no autorizado a los mismos, con el fin de proceder a su inmediata cancelaci\u00f3n.<\/p>\n<p>Mientras no se comuniquen tales hechos, RENTING CAR 2000, S.L. quedar\u00e1 eximida de cualquier responsabilidad que pudiera derivarse del uso indebido de los identificadores o contrase\u00f1as por terceros no autorizados.<\/p>\n<h4><strong><u>4.- FUNCIONAMIENTO DE LA WEB<\/u><\/strong><\/h4>\n<p>RENTING CAR 2000, S.L. excluye toda responsabilidad que se pudiera derivar de interferencias, omisiones, interrupciones, virus inform\u00e1ticos, aver\u00edas telef\u00f3nicas o desconexiones en el funcionamiento operativo del sistema electr\u00f3nico, motivado por causas ajenas al titular de la Web.<\/p>\n<p>Asimismo, RENTING CAR 2000, S.L. tambi\u00e9n excluye cualquier responsabilidad que pudiera derivarse por retrasos o bloqueos en el funcionamiento operativo de este sistema electr\u00f3nico causado por deficiencias o sobrecarga en las l\u00edneas telef\u00f3nicas o en Internet, as\u00ed como de da\u00f1os causados por terceras personas mediante intromisiones ileg\u00edtimas fuera del control de RENTING CAR 2000, S.L.<\/p>\n<p>RENTING CAR 2000, S.L. est\u00e1 facultada para suspender temporalmente, y sin previo aviso, el acceso a la Web con motivo de operaciones de mantenimiento, reparaci\u00f3n, actualizaci\u00f3n o mejora.<\/p>\n<h4><strong><u>5.- R\u00c9GIMEN DE RESPONSABILIDAD<\/u><\/strong><\/h4>\n<p>RENTING CAR 2000, S.L., no garantiza la licitud, fiabilidad, utilidad, veracidad o exactitud de los servicios o de la informaci\u00f3n que se presten por terceros a trav\u00e9s de la Web.<\/p>\n<p>El Usuario es el \u00fanico responsable de las infracciones en las que pueda incurrir o de los perjuicios que pueda causar por la mala utilizaci\u00f3n de la Web, quedando RENTING CAR 2000, S.L., sus socios, empresas del grupo, colaboradores, empleados y representantes, exonerados de cualquier clase de responsabilidad que se pudiera derivar por las acciones del Usuario.<\/p>\n<p>RENTING CAR 2000, S.L. emplear\u00e1 todos los esfuerzos y medios razonables para facilitar informaci\u00f3n actualizada y fehaciente en la Web, no obstante, el titular de la Web no garantiza la inexistencia de errores, o de posibles inexactitudes y\/u omisiones en los contenidos publicados por terceros accesibles a trav\u00e9s de esta Web.<\/p>\n<p>El Usuario es el \u00fanico responsable frente a cualquier reclamaci\u00f3n o acci\u00f3n legal, judicial o extrajudicial, iniciada por terceras personas contra el titular de la Web basada en una mala utilizaci\u00f3n por parte del Usuario de la Web. En su caso, el Usuario asumir\u00e1 cuantos gastos, costes e indemnizaciones sean solicitados a RENTING CAR 2000, S.L. con motivo de tales reclamaciones o acciones legales.<\/p>\n<h4><u><strong>6.-<\/strong> <\/u><strong><u>JURISDICCI\u00d3N Y LEY APLICABLE<\/u><\/strong><\/h4>\n<p>El presente Aviso Legal se regir\u00e1 e interpretar\u00e1 conforme a la legislaci\u00f3n espa\u00f1ola.<\/p>\n<p>RENTING CAR 2000, S.L. y el Usuario, con renuncia expresa a cualquier otro fuero que pudiera corresponderles, se someten a los Juzgados y Tribunales de la ciudad de Las Palmas de Gran Canaria, Las Palmas (Espa\u00f1a), salvo que la normativa aplicable seg\u00fan el caso impida a las partes someterse a un fuero espec\u00edfico.<\/p>\n","protected":false},"excerpt":{"rendered":"<p>AVISO LEGAL Las presentes Condiciones tienen por objeto establecer y regular las normas de uso de la p\u00e1gina web www.rentingcar2000.com (en adelante, la \u201cWeb\u201d). El&hellip;<\/p>\n<p><a href=\"https:\/\/www.rentingcar2000.com\/?page_id=764\" class=\"read-more-link\">Read more<\/a><\/p>\n","protected":false},"author":1,"featured_media":0,"parent":0,"menu_order":0,"comment_status":"closed","ping_status":"closed","template":"","meta":{"footnotes":""},"class_list":["post-764","page","type-page","status-publish","hentry"],"_links":{"self":[{"href":"https:\/\/www.rentingcar2000.com\/index.php?rest_route=\/wp\/v2\/pages\/764","targetHints":{"allow":["GET"]}}],"collection":[{"href":"https:\/\/www.rentingcar2000.com\/index.php?rest_route=\/wp\/v2\/pages"}],"about":[{"href":"https:\/\/www.rentingcar2000.com\/index.php?rest_route=\/wp\/v2\/types\/page"}],"author":[{"embeddable":true,"href":"https:\/\/www.rentingcar2000.com\/index.php?rest_route=\/wp\/v2\/users\/1"}],"replies":[{"embeddable":true,"href":"https:\/\/www.rentingcar2000.com\/index.php?rest_route=%2Fwp%2Fv2%2Fcomments&post=764"}],"version-history":[{"count":5,"href":"https:\/\/www.rentingcar2000.com\/index.php?rest_route=\/wp\/v2\/pages\/764\/revisions"}],"predecessor-version":[{"id":799,"href":"https:\/\/www.rentingcar2000.com\/index.php?rest_route=\/wp\/v2\/pages\/764\/revisions\/799"}],"wp:attachment":[{"href":"https:\/\/www.rentingcar2000.com\/index.php?rest_route=%2Fwp%2Fv2%2Fmedia&parent=764"}],"curies":[{"name":"wp","href":"https:\/\/api.w.org\/{rel}","templated":true}]}}